{"id":25,"date":"2025-03-04T10:09:36","date_gmt":"2025-03-04T10:09:36","guid":{"rendered":"https:\/\/barjulian.rkinformatika.online\/?page_id=25"},"modified":"2025-03-20T11:30:12","modified_gmt":"2025-03-20T11:30:12","slug":"servicios","status":"publish","type":"page","link":"https:\/\/barjulian.es\/eu\/servicios\/","title":{"rendered":"Zerbitzuak"},"content":{"rendered":"<div data-elementor-type=\"wp-post\" data-elementor-id=\"25\" class=\"elementor elementor-25\" data-elementor-post-type=\"page\">\n\t\t\t\t<div class=\"elementor-element elementor-element-d7d6452 e-flex e-con-boxed e-con e-parent\" data-id=\"d7d6452\" data-element_type=\"container\" data-e-type=\"container\" data-settings=\"{&quot;background_background&quot;:&quot;classic&quot;}\">\n\t\t\t\t\t<div class=\"e-con-inner\">\n\t\t\t\t\t<\/div>\n\t\t\t\t<\/div>\n\t\t<div class=\"elementor-element elementor-element-357e028 e-con-full e-flex e-con e-parent\" data-id=\"357e028\" data-element_type=\"container\" data-e-type=\"container\">\n\t\t\t\t<div class=\"elementor-element elementor-element-ade713f elementor-widget elementor-widget-heading\" data-id=\"ade713f\" data-element_type=\"widget\" data-e-type=\"widget\" data-widget_type=\"heading.default\">\n\t\t\t\t<div class=\"elementor-widget-container\">\n\t\t\t\t\t<h2 class=\"elementor-heading-title elementor-size-default\">Nuestros servicios<\/h2>\t\t\t\t<\/div>\n\t\t\t\t<\/div>\n\t\t\t\t<\/div>\n\t\t<div class=\"elementor-element elementor-element-6a5f6e9 e-con-full e-flex e-con e-parent\" data-id=\"6a5f6e9\" data-element_type=\"container\" data-e-type=\"container\">\n\t\t\t\t<div class=\"elementor-element elementor-element-faeede2 elementor-widget-divider--separator-type-pattern elementor-widget-divider--view-line elementor-widget elementor-widget-divider\" data-id=\"faeede2\" data-element_type=\"widget\" data-e-type=\"widget\" data-widget_type=\"divider.default\">\n\t\t\t\t<div class=\"elementor-widget-container\">\n\t\t\t\t\t\t\t<div class=\"elementor-divider\" style=\"--divider-pattern-url: url(&quot;data:image\/svg+xml,%3Csvg xmlns=&#039;http:\/\/www.w3.org\/2000\/svg&#039; preserveAspectRatio=&#039;none&#039; overflow=&#039;visible&#039; height=&#039;100%&#039; viewBox=&#039;0 0 24 24&#039; fill=&#039;black&#039; stroke=&#039;none&#039;%3E%3Cpath d=&#039;M12.7,2.3c-0.4-0.4-1.1-0.4-1.5,0l-8,9.1c-0.3,0.4-0.3,0.9,0,1.2l8,9.1c0.4,0.4,1.1,0.4,1.5,0l8-9.1c0.3-0.4,0.3-0.9,0-1.2L12.7,2.3z&#039;\/%3E%3C\/svg%3E&quot;);\">\n\t\t\t<span class=\"elementor-divider-separator\">\n\t\t\t\t\t\t<\/span>\n\t\t<\/div>\n\t\t\t\t\t\t<\/div>\n\t\t\t\t<\/div>\n\t\t\t\t<\/div>\n\t\t<div class=\"elementor-element elementor-element-85793a2 e-flex e-con-boxed e-con e-parent\" data-id=\"85793a2\" data-element_type=\"container\" data-e-type=\"container\">\n\t\t\t\t\t<div class=\"e-con-inner\">\n\t\t<div class=\"elementor-element elementor-element-ddda324 e-con-full e-flex e-con e-child\" data-id=\"ddda324\" data-element_type=\"container\" data-e-type=\"container\">\n\t\t\t\t<div class=\"elementor-element elementor-element-c7530f0 elementor-widget elementor-widget-text-editor\" data-id=\"c7530f0\" data-element_type=\"widget\" data-e-type=\"widget\" data-widget_type=\"text-editor.default\">\n\t\t\t\t<div class=\"elementor-widget-container\">\n\t\t\t\t\t\t\t\t\t<p><strong>Bebidas para todos los gustos<\/strong><\/p>\t\t\t\t\t\t\t\t<\/div>\n\t\t\t\t<\/div>\n\t\t\t\t<div class=\"elementor-element elementor-element-6ee7136 elementor-widget elementor-widget-image\" data-id=\"6ee7136\" data-element_type=\"widget\" data-e-type=\"widget\" data-widget_type=\"image.default\">\n\t\t\t\t<div class=\"elementor-widget-container\">\n\t\t\t\t\t\t\t\t\t\t\t\t\t\t\t<img fetchpriority=\"high\" decoding=\"async\" width=\"1920\" height=\"1080\" src=\"https:\/\/barjulian.es\/wp-content\/uploads\/2025\/03\/imagen_prueba-1.jpg\" class=\"attachment-full size-full wp-image-208\" alt=\"\" srcset=\"https:\/\/barjulian.es\/wp-content\/uploads\/2025\/03\/imagen_prueba-1.jpg 1920w, https:\/\/barjulian.es\/wp-content\/uploads\/2025\/03\/imagen_prueba-1-300x169.jpg 300w, https:\/\/barjulian.es\/wp-content\/uploads\/2025\/03\/imagen_prueba-1-1024x576.jpg 1024w, https:\/\/barjulian.es\/wp-content\/uploads\/2025\/03\/imagen_prueba-1-768x432.jpg 768w, https:\/\/barjulian.es\/wp-content\/uploads\/2025\/03\/imagen_prueba-1-1536x864.jpg 1536w, https:\/\/barjulian.es\/wp-content\/uploads\/2025\/03\/imagen_prueba-1-18x10.jpg 18w\" sizes=\"(max-width: 1920px) 100vw, 1920px\" \/>\t\t\t\t\t\t\t\t\t\t\t\t\t\t\t<\/div>\n\t\t\t\t<\/div>\n\t\t\t\t<div class=\"elementor-element elementor-element-325989d elementor-widget elementor-widget-text-editor\" data-id=\"325989d\" data-element_type=\"widget\" data-e-type=\"widget\" data-widget_type=\"text-editor.default\">\n\t\t\t\t<div class=\"elementor-widget-container\">\n\t\t\t\t\t\t\t\t\t<p>Nuestra carta incluye una amplia variedad de opciones para satisfacer todos los paladares. Desde caf\u00e9s reci\u00e9n preparados, con ese aroma y sabor que te despiertan los sentidos, hasta una cuidada selecci\u00f3n de bebidas alcoh\u00f3licas y no alcoh\u00f3licas. \u00bfPrefieres un vino tranquilo, una cerveza fresca o un c\u00f3ctel \u00fanico? En Bar Juli\u00e1n, tenemos algo especial para ti.<\/p>\t\t\t\t\t\t\t\t<\/div>\n\t\t\t\t<\/div>\n\t\t\t\t<\/div>\n\t\t<div class=\"elementor-element elementor-element-aee357c e-con-full e-flex e-con e-child\" data-id=\"aee357c\" data-element_type=\"container\" data-e-type=\"container\">\n\t\t\t\t<div class=\"elementor-element elementor-element-ef297dd elementor-widget elementor-widget-text-editor\" data-id=\"ef297dd\" data-element_type=\"widget\" data-e-type=\"widget\" data-widget_type=\"text-editor.default\">\n\t\t\t\t<div class=\"elementor-widget-container\">\n\t\t\t\t\t\t\t\t\t<p><span style=\"color: #533430;\"><strong>Aperitivos y pintxos que enamoran<\/strong><\/span><\/p>\t\t\t\t\t\t\t\t<\/div>\n\t\t\t\t<\/div>\n\t\t\t\t<div class=\"elementor-element elementor-element-638eaae elementor-widget elementor-widget-image\" data-id=\"638eaae\" data-element_type=\"widget\" data-e-type=\"widget\" data-widget_type=\"image.default\">\n\t\t\t\t<div class=\"elementor-widget-container\">\n\t\t\t\t\t\t\t\t\t\t\t\t\t\t\t<img decoding=\"async\" width=\"800\" height=\"450\" src=\"https:\/\/barjulian.es\/wp-content\/uploads\/2025\/03\/imagen_pintxos-1024x576.jpg\" class=\"attachment-large size-large wp-image-209\" alt=\"\" srcset=\"https:\/\/barjulian.es\/wp-content\/uploads\/2025\/03\/imagen_pintxos-1024x576.jpg 1024w, https:\/\/barjulian.es\/wp-content\/uploads\/2025\/03\/imagen_pintxos-300x169.jpg 300w, https:\/\/barjulian.es\/wp-content\/uploads\/2025\/03\/imagen_pintxos-768x432.jpg 768w, https:\/\/barjulian.es\/wp-content\/uploads\/2025\/03\/imagen_pintxos-1536x864.jpg 1536w, https:\/\/barjulian.es\/wp-content\/uploads\/2025\/03\/imagen_pintxos-18x10.jpg 18w, https:\/\/barjulian.es\/wp-content\/uploads\/2025\/03\/imagen_pintxos.jpg 1920w\" sizes=\"(max-width: 800px) 100vw, 800px\" \/>\t\t\t\t\t\t\t\t\t\t\t\t\t\t\t<\/div>\n\t\t\t\t<\/div>\n\t\t\t\t<div class=\"elementor-element elementor-element-d1bdd5e elementor-widget elementor-widget-text-editor\" data-id=\"d1bdd5e\" data-element_type=\"widget\" data-e-type=\"widget\" data-widget_type=\"text-editor.default\">\n\t\t\t\t<div class=\"elementor-widget-container\">\n\t\t\t\t\t\t\t\t\t<p>Nuestra cocina es sencilla pero llena de sabor. Ofrecemos una variedad de pintxos en la barra, preparados con ingredientes frescos y tradicionales. Adem\u00e1s, nuestros bocadillos de carne, tortillas y otros aperitivos son perfectos para acompa\u00f1ar tu bebida o para disfrutar en una comida informal.<\/p>\t\t\t\t\t\t\t\t<\/div>\n\t\t\t\t<\/div>\n\t\t\t\t<\/div>\n\t\t<div class=\"elementor-element elementor-element-1753d17 e-con-full e-flex e-con e-child\" data-id=\"1753d17\" data-element_type=\"container\" data-e-type=\"container\">\n\t\t\t\t<div class=\"elementor-element elementor-element-a9090de elementor-widget elementor-widget-text-editor\" data-id=\"a9090de\" data-element_type=\"widget\" data-e-type=\"widget\" data-widget_type=\"text-editor.default\">\n\t\t\t\t<div class=\"elementor-widget-container\">\n\t\t\t\t\t\t\t\t\t<p><span style=\"color: #533430;\"><strong>Un ambiente \u00fanico<\/strong><\/span><\/p>\t\t\t\t\t\t\t\t<\/div>\n\t\t\t\t<\/div>\n\t\t\t\t<div class=\"elementor-element elementor-element-27df5ad elementor-widget elementor-widget-image\" data-id=\"27df5ad\" data-element_type=\"widget\" data-e-type=\"widget\" data-widget_type=\"image.default\">\n\t\t\t\t<div class=\"elementor-widget-container\">\n\t\t\t\t\t\t\t\t\t\t\t\t\t\t\t<img decoding=\"async\" width=\"800\" height=\"450\" src=\"https:\/\/barjulian.es\/wp-content\/uploads\/2025\/03\/imagen_ambiente-1024x576.jpg\" class=\"attachment-large size-large wp-image-216\" alt=\"\" srcset=\"https:\/\/barjulian.es\/wp-content\/uploads\/2025\/03\/imagen_ambiente-1024x576.jpg 1024w, https:\/\/barjulian.es\/wp-content\/uploads\/2025\/03\/imagen_ambiente-300x169.jpg 300w, https:\/\/barjulian.es\/wp-content\/uploads\/2025\/03\/imagen_ambiente-768x432.jpg 768w, https:\/\/barjulian.es\/wp-content\/uploads\/2025\/03\/imagen_ambiente-1536x864.jpg 1536w, https:\/\/barjulian.es\/wp-content\/uploads\/2025\/03\/imagen_ambiente-18x10.jpg 18w, https:\/\/barjulian.es\/wp-content\/uploads\/2025\/03\/imagen_ambiente.jpg 1920w\" sizes=\"(max-width: 800px) 100vw, 800px\" \/>\t\t\t\t\t\t\t\t\t\t\t\t\t\t\t<\/div>\n\t\t\t\t<\/div>\n\t\t\t\t<div class=\"elementor-element elementor-element-cbcbe3a elementor-widget elementor-widget-text-editor\" data-id=\"cbcbe3a\" data-element_type=\"widget\" data-e-type=\"widget\" data-widget_type=\"text-editor.default\">\n\t\t\t\t<div class=\"elementor-widget-container\">\n\t\t\t\t\t\t\t\t\t<p>Bar Juli\u00e1n es mucho m\u00e1s que un lugar para comer y beber. Es un espacio donde el ambiente familiar y tranquilo te invita a relajarte. Aqu\u00ed no encontrar\u00e1s ruidos estridentes ni aglomeraciones; solo un entorno acogedor, ideal para disfrutar de una conversaci\u00f3n amena, leer un libro o simplemente desconectar del ajetreo diario.<\/p>\t\t\t\t\t\t\t\t<\/div>\n\t\t\t\t<\/div>\n\t\t\t\t<\/div>\n\t\t<div class=\"elementor-element elementor-element-aa83d0b e-con-full e-flex e-con e-child\" data-id=\"aa83d0b\" data-element_type=\"container\" data-e-type=\"container\">\n\t\t\t\t<div class=\"elementor-element elementor-element-5c8030b elementor-widget elementor-widget-text-editor\" data-id=\"5c8030b\" data-element_type=\"widget\" data-e-type=\"widget\" data-widget_type=\"text-editor.default\">\n\t\t\t\t<div class=\"elementor-widget-container\">\n\t\t\t\t\t\t\t\t\t<p><span style=\"color: #533430;\"><strong>Atenci\u00f3n personalizada<\/strong><\/span><\/p>\t\t\t\t\t\t\t\t<\/div>\n\t\t\t\t<\/div>\n\t\t\t\t<div class=\"elementor-element elementor-element-c8203b0 elementor-widget elementor-widget-image\" data-id=\"c8203b0\" data-element_type=\"widget\" data-e-type=\"widget\" data-widget_type=\"image.default\">\n\t\t\t\t<div class=\"elementor-widget-container\">\n\t\t\t\t\t\t\t\t\t\t\t\t\t\t\t<img loading=\"lazy\" decoding=\"async\" width=\"800\" height=\"450\" src=\"https:\/\/barjulian.es\/wp-content\/uploads\/2025\/03\/imagen_bocadillo_de_carne-1024x576.jpg\" class=\"attachment-large size-large wp-image-221\" alt=\"\" srcset=\"https:\/\/barjulian.es\/wp-content\/uploads\/2025\/03\/imagen_bocadillo_de_carne-1024x576.jpg 1024w, https:\/\/barjulian.es\/wp-content\/uploads\/2025\/03\/imagen_bocadillo_de_carne-300x169.jpg 300w, https:\/\/barjulian.es\/wp-content\/uploads\/2025\/03\/imagen_bocadillo_de_carne-768x432.jpg 768w, https:\/\/barjulian.es\/wp-content\/uploads\/2025\/03\/imagen_bocadillo_de_carne-1536x864.jpg 1536w, https:\/\/barjulian.es\/wp-content\/uploads\/2025\/03\/imagen_bocadillo_de_carne-18x10.jpg 18w, https:\/\/barjulian.es\/wp-content\/uploads\/2025\/03\/imagen_bocadillo_de_carne.jpg 1920w\" sizes=\"(max-width: 800px) 100vw, 800px\" \/>\t\t\t\t\t\t\t\t\t\t\t\t\t\t\t<\/div>\n\t\t\t\t<\/div>\n\t\t\t\t<div class=\"elementor-element elementor-element-8c6adaa elementor-widget elementor-widget-text-editor\" data-id=\"8c6adaa\" data-element_type=\"widget\" data-e-type=\"widget\" data-widget_type=\"text-editor.default\">\n\t\t\t\t<div class=\"elementor-widget-container\">\n\t\t\t\t\t\t\t\t\t<p>Para nosotros, cada cliente es especial. Nos esforzamos por ofrecerte un trato cercano y atento, cuidando cada detalle para que te sientas como en casa. Ya seas un vecino del pueblo o un visitante de paso, en Bar Juli\u00e1n siempre ser\u00e1s bien recibido.<\/p>\t\t\t\t\t\t\t\t<\/div>\n\t\t\t\t<\/div>\n\t\t\t\t<\/div>\n\t\t<div class=\"elementor-element elementor-element-871d3a3 e-con-full e-flex e-con e-child\" data-id=\"871d3a3\" data-element_type=\"container\" data-e-type=\"container\">\n\t\t\t\t<div class=\"elementor-element elementor-element-55b4020 elementor-widget elementor-widget-text-editor\" data-id=\"55b4020\" data-element_type=\"widget\" data-e-type=\"widget\" data-widget_type=\"text-editor.default\">\n\t\t\t\t<div class=\"elementor-widget-container\">\n\t\t\t\t\t\t\t\t\t<p><span style=\"color: #533430;\"><strong>Eventos y reuniones especiales<\/strong><\/span><\/p>\t\t\t\t\t\t\t\t<\/div>\n\t\t\t\t<\/div>\n\t\t\t\t<div class=\"elementor-element elementor-element-fc97f2d elementor-widget elementor-widget-image\" data-id=\"fc97f2d\" data-element_type=\"widget\" data-e-type=\"widget\" data-widget_type=\"image.default\">\n\t\t\t\t<div class=\"elementor-widget-container\">\n\t\t\t\t\t\t\t\t\t\t\t\t\t\t\t<img loading=\"lazy\" decoding=\"async\" width=\"800\" height=\"450\" src=\"https:\/\/barjulian.es\/wp-content\/uploads\/2025\/03\/imagen_acogedor-1024x576.jpg\" class=\"attachment-large size-large wp-image-222\" alt=\"\" srcset=\"https:\/\/barjulian.es\/wp-content\/uploads\/2025\/03\/imagen_acogedor-1024x576.jpg 1024w, https:\/\/barjulian.es\/wp-content\/uploads\/2025\/03\/imagen_acogedor-300x169.jpg 300w, https:\/\/barjulian.es\/wp-content\/uploads\/2025\/03\/imagen_acogedor-768x432.jpg 768w, https:\/\/barjulian.es\/wp-content\/uploads\/2025\/03\/imagen_acogedor-1536x864.jpg 1536w, https:\/\/barjulian.es\/wp-content\/uploads\/2025\/03\/imagen_acogedor-18x10.jpg 18w, https:\/\/barjulian.es\/wp-content\/uploads\/2025\/03\/imagen_acogedor.jpg 1920w\" sizes=\"(max-width: 800px) 100vw, 800px\" \/>\t\t\t\t\t\t\t\t\t\t\t\t\t\t\t<\/div>\n\t\t\t\t<\/div>\n\t\t\t\t<div class=\"elementor-element elementor-element-ac3a5a4 elementor-widget elementor-widget-text-editor\" data-id=\"ac3a5a4\" data-element_type=\"widget\" data-e-type=\"widget\" data-widget_type=\"text-editor.default\">\n\t\t\t\t<div class=\"elementor-widget-container\">\n\t\t\t\t\t\t\t\t\t<p>\u00bfBuscas un lugar \u00edntimo y acogedor para celebrar un evento peque\u00f1o o una reuni\u00f3n con amigos? En Bar Juli\u00e1n, podemos adaptar nuestro espacio para que disfrutes de momentos especiales en un ambiente \u00fanico. Cont\u00e1ctanos para m\u00e1s detalles.<\/p>\t\t\t\t\t\t\t\t<\/div>\n\t\t\t\t<\/div>\n\t\t\t\t<\/div>\n\t\t<div class=\"elementor-element elementor-element-4bc8023 e-con-full e-flex e-con e-child\" data-id=\"4bc8023\" data-element_type=\"container\" data-e-type=\"container\">\n\t\t\t\t<div class=\"elementor-element elementor-element-b529f6a elementor-widget elementor-widget-text-editor\" data-id=\"b529f6a\" data-element_type=\"widget\" data-e-type=\"widget\" data-widget_type=\"text-editor.default\">\n\t\t\t\t<div class=\"elementor-widget-container\">\n\t\t\t\t\t\t\t\t\t<p><span style=\"color: #533430;\"><strong>Un lugar para todos<\/strong><\/span><\/p>\t\t\t\t\t\t\t\t<\/div>\n\t\t\t\t<\/div>\n\t\t\t\t<div class=\"elementor-element elementor-element-c563b25 elementor-widget elementor-widget-image\" data-id=\"c563b25\" data-element_type=\"widget\" data-e-type=\"widget\" data-widget_type=\"image.default\">\n\t\t\t\t<div class=\"elementor-widget-container\">\n\t\t\t\t\t\t\t\t\t\t\t\t\t\t\t<img loading=\"lazy\" decoding=\"async\" width=\"800\" height=\"450\" src=\"https:\/\/barjulian.es\/wp-content\/uploads\/2025\/03\/imagen_lugar-1-1024x576.jpg\" class=\"attachment-large size-large wp-image-224\" alt=\"\" srcset=\"https:\/\/barjulian.es\/wp-content\/uploads\/2025\/03\/imagen_lugar-1-1024x576.jpg 1024w, https:\/\/barjulian.es\/wp-content\/uploads\/2025\/03\/imagen_lugar-1-300x169.jpg 300w, https:\/\/barjulian.es\/wp-content\/uploads\/2025\/03\/imagen_lugar-1-768x432.jpg 768w, https:\/\/barjulian.es\/wp-content\/uploads\/2025\/03\/imagen_lugar-1-1536x864.jpg 1536w, https:\/\/barjulian.es\/wp-content\/uploads\/2025\/03\/imagen_lugar-1-18x10.jpg 18w, https:\/\/barjulian.es\/wp-content\/uploads\/2025\/03\/imagen_lugar-1.jpg 1920w\" sizes=\"(max-width: 800px) 100vw, 800px\" \/>\t\t\t\t\t\t\t\t\t\t\t\t\t\t\t<\/div>\n\t\t\t\t<\/div>\n\t\t\t\t<div class=\"elementor-element elementor-element-632b286 elementor-widget elementor-widget-text-editor\" data-id=\"632b286\" data-element_type=\"widget\" data-e-type=\"widget\" data-widget_type=\"text-editor.default\">\n\t\t\t\t<div class=\"elementor-widget-container\">\n\t\t\t\t\t\t\t\t\t<p>Bar Juli\u00e1n es un punto de encuentro para personas de todas las edades. Ya sea para tomar un caf\u00e9 por la ma\u00f1ana, disfrutar de un aperitivo al mediod\u00eda o relajarte con una copa por la tarde, nuestro bar est\u00e1 abierto para ofrecerte momentos de disfrute y tranquilidad.<\/p>\t\t\t\t\t\t\t\t<\/div>\n\t\t\t\t<\/div>\n\t\t\t\t<\/div>\n\t\t\t\t\t<\/div>\n\t\t\t\t<\/div>\n\t\t\t\t<\/div>","protected":false},"excerpt":{"rendered":"<p>Nuestros servicios Bebidas para todos los gustos Nuestra carta incluye una amplia variedad de opciones para satisfacer todos los paladares. Desde caf\u00e9s reci\u00e9n preparados, con ese aroma y sabor que te despiertan los sentidos, hasta una cuidada selecci\u00f3n de bebidas alcoh\u00f3licas y no alcoh\u00f3licas. \u00bfPrefieres un vino tranquilo, una cerveza fresca o un c\u00f3ctel \u00fanico? [&hellip;]<\/p>\n","protected":false},"author":1,"featured_media":0,"parent":0,"menu_order":0,"comment_status":"closed","ping_status":"closed","template":"elementor_canvas","meta":{"footnotes":""},"class_list":["post-25","page","type-page","status-publish","hentry"],"yoast_head":"<!-- This site is optimized with the Yoast SEO plugin v27.5 - https:\/\/yoast.com\/product\/yoast-seo-wordpress\/ -->\n<title>Servicios - Bar Julian<\/title>\n<meta name=\"robots\" content=\"index, follow, max-snippet:-1, max-image-preview:large, max-video-preview:-1\" \/>\n<link rel=\"canonical\" href=\"https:\/\/barjulian.es\/eu\/servicios\/\" \/>\n<meta property=\"og:locale\" content=\"en_US\" \/>\n<meta property=\"og:type\" content=\"article\" \/>\n<meta property=\"og:title\" content=\"Servicios - Bar Julian\" \/>\n<meta property=\"og:description\" content=\"Nuestros servicios Bebidas para todos los gustos Nuestra carta incluye una amplia variedad de opciones para satisfacer todos los paladares. Desde caf\u00e9s reci\u00e9n preparados, con ese aroma y sabor que te despiertan los sentidos, hasta una cuidada selecci\u00f3n de bebidas alcoh\u00f3licas y no alcoh\u00f3licas. \u00bfPrefieres un vino tranquilo, una cerveza fresca o un c\u00f3ctel \u00fanico? [&hellip;]\" \/>\n<meta property=\"og:url\" content=\"https:\/\/barjulian.es\/eu\/servicios\/\" \/>\n<meta property=\"og:site_name\" content=\"Bar Julian\" \/>\n<meta property=\"article:modified_time\" content=\"2025-03-20T11:30:12+00:00\" \/>\n<meta property=\"og:image\" content=\"https:\/\/barjulian.es\/wp-content\/uploads\/2025\/03\/imagen_prueba-1.jpg\" \/>\n<meta name=\"twitter:card\" content=\"summary_large_image\" \/>\n<meta name=\"twitter:label1\" content=\"Est. reading time\" \/>\n\t<meta name=\"twitter:data1\" content=\"3 minutua\" \/>\n<script type=\"application\/ld+json\" class=\"yoast-schema-graph\">{\"@context\":\"https:\\\/\\\/schema.org\",\"@graph\":[{\"@type\":\"WebPage\",\"@id\":\"https:\\\/\\\/barjulian.es\\\/servicios\\\/\",\"url\":\"https:\\\/\\\/barjulian.es\\\/servicios\\\/\",\"name\":\"Servicios - Bar Julian\",\"isPartOf\":{\"@id\":\"https:\\\/\\\/barjulian.es\\\/#website\"},\"primaryImageOfPage\":{\"@id\":\"https:\\\/\\\/barjulian.es\\\/servicios\\\/#primaryimage\"},\"image\":{\"@id\":\"https:\\\/\\\/barjulian.es\\\/servicios\\\/#primaryimage\"},\"thumbnailUrl\":\"https:\\\/\\\/barjulian.es\\\/wp-content\\\/uploads\\\/2025\\\/03\\\/imagen_prueba-1.jpg\",\"datePublished\":\"2025-03-04T10:09:36+00:00\",\"dateModified\":\"2025-03-20T11:30:12+00:00\",\"breadcrumb\":{\"@id\":\"https:\\\/\\\/barjulian.es\\\/servicios\\\/#breadcrumb\"},\"inLanguage\":\"eu\",\"potentialAction\":[{\"@type\":\"ReadAction\",\"target\":[\"https:\\\/\\\/barjulian.es\\\/servicios\\\/\"]}]},{\"@type\":\"ImageObject\",\"inLanguage\":\"eu\",\"@id\":\"https:\\\/\\\/barjulian.es\\\/servicios\\\/#primaryimage\",\"url\":\"https:\\\/\\\/barjulian.es\\\/wp-content\\\/uploads\\\/2025\\\/03\\\/imagen_prueba-1.jpg\",\"contentUrl\":\"https:\\\/\\\/barjulian.es\\\/wp-content\\\/uploads\\\/2025\\\/03\\\/imagen_prueba-1.jpg\"},{\"@type\":\"BreadcrumbList\",\"@id\":\"https:\\\/\\\/barjulian.es\\\/servicios\\\/#breadcrumb\",\"itemListElement\":[{\"@type\":\"ListItem\",\"position\":1,\"name\":\"Portada\",\"item\":\"https:\\\/\\\/barjulian.es\\\/\"},{\"@type\":\"ListItem\",\"position\":2,\"name\":\"Servicios\"}]},{\"@type\":\"WebSite\",\"@id\":\"https:\\\/\\\/barjulian.es\\\/#website\",\"url\":\"https:\\\/\\\/barjulian.es\\\/\",\"name\":\"Bar Julian\",\"description\":\"Un bar tranquilo, en un lugar acogedor y relajado, ideal para disfrutar de una conversaci\u00f3n amena o pasar un rato agradable sin el ruido intenso de otros bares.\",\"publisher\":{\"@id\":\"https:\\\/\\\/barjulian.es\\\/#organization\"},\"potentialAction\":[{\"@type\":\"SearchAction\",\"target\":{\"@type\":\"EntryPoint\",\"urlTemplate\":\"https:\\\/\\\/barjulian.es\\\/?s={search_term_string}\"},\"query-input\":{\"@type\":\"PropertyValueSpecification\",\"valueRequired\":true,\"valueName\":\"search_term_string\"}}],\"inLanguage\":\"eu\"},{\"@type\":\"Organization\",\"@id\":\"https:\\\/\\\/barjulian.es\\\/#organization\",\"name\":\"Bar Julian\",\"url\":\"https:\\\/\\\/barjulian.es\\\/\",\"logo\":{\"@type\":\"ImageObject\",\"inLanguage\":\"eu\",\"@id\":\"https:\\\/\\\/barjulian.es\\\/#\\\/schema\\\/logo\\\/image\\\/\",\"url\":\"https:\\\/\\\/barjulian.es\\\/wp-content\\\/uploads\\\/2025\\\/03\\\/cropped-Bar-Julian-Logo.png\",\"contentUrl\":\"https:\\\/\\\/barjulian.es\\\/wp-content\\\/uploads\\\/2025\\\/03\\\/cropped-Bar-Julian-Logo.png\",\"width\":1920,\"height\":219,\"caption\":\"Bar Julian\"},\"image\":{\"@id\":\"https:\\\/\\\/barjulian.es\\\/#\\\/schema\\\/logo\\\/image\\\/\"}}]}<\/script>\n<!-- \/ Yoast SEO plugin. -->","yoast_head_json":{"title":"Servicios - Bar Julian","robots":{"index":"index","follow":"follow","max-snippet":"max-snippet:-1","max-image-preview":"max-image-preview:large","max-video-preview":"max-video-preview:-1"},"canonical":"https:\/\/barjulian.es\/eu\/servicios\/","og_locale":"en_US","og_type":"article","og_title":"Servicios - Bar Julian","og_description":"Nuestros servicios Bebidas para todos los gustos Nuestra carta incluye una amplia variedad de opciones para satisfacer todos los paladares. Desde caf\u00e9s reci\u00e9n preparados, con ese aroma y sabor que te despiertan los sentidos, hasta una cuidada selecci\u00f3n de bebidas alcoh\u00f3licas y no alcoh\u00f3licas. \u00bfPrefieres un vino tranquilo, una cerveza fresca o un c\u00f3ctel \u00fanico? [&hellip;]","og_url":"https:\/\/barjulian.es\/eu\/servicios\/","og_site_name":"Bar Julian","article_modified_time":"2025-03-20T11:30:12+00:00","og_image":[{"url":"https:\/\/barjulian.es\/wp-content\/uploads\/2025\/03\/imagen_prueba-1.jpg","type":"","width":"","height":""}],"twitter_card":"summary_large_image","twitter_misc":{"Est. reading time":"3 minutua"},"schema":{"@context":"https:\/\/schema.org","@graph":[{"@type":"WebPage","@id":"https:\/\/barjulian.es\/servicios\/","url":"https:\/\/barjulian.es\/servicios\/","name":"Servicios - Bar Julian","isPartOf":{"@id":"https:\/\/barjulian.es\/#website"},"primaryImageOfPage":{"@id":"https:\/\/barjulian.es\/servicios\/#primaryimage"},"image":{"@id":"https:\/\/barjulian.es\/servicios\/#primaryimage"},"thumbnailUrl":"https:\/\/barjulian.es\/wp-content\/uploads\/2025\/03\/imagen_prueba-1.jpg","datePublished":"2025-03-04T10:09:36+00:00","dateModified":"2025-03-20T11:30:12+00:00","breadcrumb":{"@id":"https:\/\/barjulian.es\/servicios\/#breadcrumb"},"inLanguage":"eu","potentialAction":[{"@type":"ReadAction","target":["https:\/\/barjulian.es\/servicios\/"]}]},{"@type":"ImageObject","inLanguage":"eu","@id":"https:\/\/barjulian.es\/servicios\/#primaryimage","url":"https:\/\/barjulian.es\/wp-content\/uploads\/2025\/03\/imagen_prueba-1.jpg","contentUrl":"https:\/\/barjulian.es\/wp-content\/uploads\/2025\/03\/imagen_prueba-1.jpg"},{"@type":"BreadcrumbList","@id":"https:\/\/barjulian.es\/servicios\/#breadcrumb","itemListElement":[{"@type":"ListItem","position":1,"name":"Portada","item":"https:\/\/barjulian.es\/"},{"@type":"ListItem","position":2,"name":"Servicios"}]},{"@type":"WebSite","@id":"https:\/\/barjulian.es\/#website","url":"https:\/\/barjulian.es\/","name":"Bar Julian","description":"Un bar tranquilo, en un lugar acogedor y relajado, ideal para disfrutar de una conversaci\u00f3n amena o pasar un rato agradable sin el ruido intenso de otros bares.","publisher":{"@id":"https:\/\/barjulian.es\/#organization"},"potentialAction":[{"@type":"SearchAction","target":{"@type":"EntryPoint","urlTemplate":"https:\/\/barjulian.es\/?s={search_term_string}"},"query-input":{"@type":"PropertyValueSpecification","valueRequired":true,"valueName":"search_term_string"}}],"inLanguage":"eu"},{"@type":"Organization","@id":"https:\/\/barjulian.es\/#organization","name":"Bar Julian","url":"https:\/\/barjulian.es\/","logo":{"@type":"ImageObject","inLanguage":"eu","@id":"https:\/\/barjulian.es\/#\/schema\/logo\/image\/","url":"https:\/\/barjulian.es\/wp-content\/uploads\/2025\/03\/cropped-Bar-Julian-Logo.png","contentUrl":"https:\/\/barjulian.es\/wp-content\/uploads\/2025\/03\/cropped-Bar-Julian-Logo.png","width":1920,"height":219,"caption":"Bar Julian"},"image":{"@id":"https:\/\/barjulian.es\/#\/schema\/logo\/image\/"}}]}},"_links":{"self":[{"href":"https:\/\/barjulian.es\/eu\/wp-json\/wp\/v2\/pages\/25","targetHints":{"allow":["GET"]}}],"collection":[{"href":"https:\/\/barjulian.es\/eu\/wp-json\/wp\/v2\/pages"}],"about":[{"href":"https:\/\/barjulian.es\/eu\/wp-json\/wp\/v2\/types\/page"}],"author":[{"embeddable":true,"href":"https:\/\/barjulian.es\/eu\/wp-json\/wp\/v2\/users\/1"}],"replies":[{"embeddable":true,"href":"https:\/\/barjulian.es\/eu\/wp-json\/wp\/v2\/comments?post=25"}],"version-history":[{"count":70,"href":"https:\/\/barjulian.es\/eu\/wp-json\/wp\/v2\/pages\/25\/revisions"}],"predecessor-version":[{"id":560,"href":"https:\/\/barjulian.es\/eu\/wp-json\/wp\/v2\/pages\/25\/revisions\/560"}],"wp:attachment":[{"href":"https:\/\/barjulian.es\/eu\/wp-json\/wp\/v2\/media?parent=25"}],"curies":[{"name":"wp","href":"https:\/\/api.w.org\/{rel}","templated":true}]}}